{"id":11,"date":"2017-03-21T13:16:16","date_gmt":"2017-03-21T13:16:16","guid":{"rendered":"http:\/\/essential.riccardoborchi.it\/?page_id=11"},"modified":"2023-04-12T15:47:38","modified_gmt":"2023-04-12T13:47:38","slug":"team","status":"publish","type":"page","link":"https:\/\/englishwithann.com\/","title":{"rendered":"HOME"},"content":{"rendered":"<p>[vc_row gap=&#8221;30&#8243; desktop_mt=&#8221;margin-lg-70t&#8221; desktop_mb=&#8221;margin-lg-0b&#8221; tablets_mt=&#8221;margin-sm-0t&#8221; tablets_mb=&#8221;margin-sm-0b&#8221; mobile_mt=&#8221;margin-xs-0t&#8221; mobile_mb=&#8221;margin-xs-0b&#8221; desktop_pt=&#8221;padding-lg-70t&#8221; desktop_pb=&#8221;padding-lg-0b&#8221; tablets_pt=&#8221;padding-sm-0t&#8221; tablets_pb=&#8221;padding-sm-0b&#8221; mobile_pt=&#8221;padding-xs-0t&#8221; mobile_pb=&#8221;padding-xs-0b&#8221; css=&#8221;.vc_custom_1661242066834{padding-top: 0px !important;background-color: #ffffff !important;}&#8221;][vc_column][vc_single_image image=&#8221;39&#8243; img_size=&#8221;full&#8221; alignment=&#8221;center&#8221;][\/vc_column][vc_column width=&#8221;1\/3&#8243; desktop_mt=&#8221;margin-lg-0t&#8221; desktop_mb=&#8221;margin-lg-0b&#8221; tablets_mt=&#8221;margin-sm-0t&#8221; tablets_mb=&#8221;margin-sm-0b&#8221; mobile_mt=&#8221;margin-xs-0t&#8221; css=&#8221;.vc_custom_1661169732779{padding-top: 0px !important;}&#8221; offset=&#8221;vc_col-lg-4 vc_col-md-4&#8243;][vc_hoverbox image=&#8221;783&#8243; primary_title=&#8221;&#8221; primary_title_font_container=&#8221;color:%23ffffff&#8221; primary_title_use_theme_fonts=&#8221;yes&#8221; hover_title=&#8221;BLOG&#8221; hover_title_font_container=&#8221;color:%23fcfcfc&#8221; hover_title_google_fonts=&#8221;font_family:Open%20Sans%3A300%2C300italic%2Cregular%2Citalic%2C600%2C600italic%2C700%2C700italic%2C800%2C800italic|font_style:400%20regular%3A400%3Anormal&#8221; shape=&#8221;square&#8221; hover_background_color=&#8221;custom&#8221; hover_btn_title=&#8221;wi\u0119cej&#8221; hover_btn_style=&#8221;flat&#8221; hover_btn_shape=&#8221;round&#8221; hover_btn_color=&#8221;white&#8221; use_custom_fonts_primary_title=&#8221;true&#8221; use_custom_fonts_hover_title=&#8221;true&#8221; hover_add_button=&#8221;true&#8221; hover_custom_background=&#8221;#b99f89&#8243; hover_title_link=&#8221;url:http%3A%2F%2Fwordpress2296693.home.pl%2Fenglishwithann%2Findex.php%2Fblog%2F|title:BLOG&#8221; hover_btn_link=&#8221;url:https%3A%2F%2Fenglishwithann.com%2Findex.php%2Fblog-2%2F|title:BLOG&#8221;]<\/p>\n<p class=\"p1\" style=\"text-align: center;\"><span style=\"color: #ffffff;\">Angielski z kr\u00f3low\u0105? Dlaczego nie!\u00a0 Na blogu znajdziesz karty pracy, z kt\u00f3rymi po\u0107wiczysz sw\u00f3j angielski i nauczysz si\u0119 nowych s\u0142\u00f3wek. A to tylko jeden z wielu post\u00f3w do odkrycia:<\/span><\/p>\n<p>[\/vc_hoverbox][\/vc_column][vc_column width=&#8221;1\/3&#8243; desktop_mt=&#8221;margin-lg-0t&#8221; desktop_mb=&#8221;margin-lg-0b&#8221; tablets_mt=&#8221;margin-sm-0t&#8221; tablets_mb=&#8221;margin-sm-0b&#8221; mobile_mt=&#8221;margin-xs-0t&#8221; mobile_mb=&#8221;margin-xs-0b&#8221; css=&#8221;.vc_custom_1661169745686{padding-top: 0px !important;}&#8221; offset=&#8221;vc_col-lg-4 vc_col-md-4&#8243;][vc_hoverbox image=&#8221;1487&#8243; primary_title=&#8221;&#8221; primary_title_font_container=&#8221;color:%23ffffff&#8221; primary_title_use_theme_fonts=&#8221;yes&#8221; hover_title=&#8221;E-BOOKI&#8221; hover_title_font_container=&#8221;color:%23fcfcfc&#8221; hover_title_google_fonts=&#8221;font_family:Open%20Sans%3A300%2C300italic%2Cregular%2Citalic%2C600%2C600italic%2C700%2C700italic%2C800%2C800italic|font_style:400%20regular%3A400%3Anormal&#8221; shape=&#8221;square&#8221; hover_background_color=&#8221;custom&#8221; hover_btn_title=&#8221;wi\u0119cej&#8221; hover_btn_style=&#8221;classic&#8221; hover_btn_shape=&#8221;round&#8221; hover_btn_color=&#8221;white&#8221; use_custom_fonts_primary_title=&#8221;true&#8221; use_custom_fonts_hover_title=&#8221;true&#8221; hover_add_button=&#8221;true&#8221; hover_custom_background=&#8221;#e3ddd7&#8243; hover_title_link=&#8221;url:https%3A%2F%2Fenglishwithann.shoplo.com%2F&#8221; hover_btn_link=&#8221;url:https%3A%2F%2Fenglishwithann.shop.pl%2F|title:SKLEP&#8221;]<\/p>\n<p class=\"p1\" style=\"text-align: center;\"><span style=\"color: #ffffff;\">Przedstawiam Ci moje dwa autorskie\u00a0 e-booki, a w nich ponad 500 zwrot\u00f3w, dzi\u0119ki kt\u00f3rym rozmowa o filmach czy ksi\u0105\u017ckach nie b\u0119dzie ju\u017c dla Ciebie problemem:<\/span><\/p>\n<p>[\/vc_hoverbox][\/vc_column][vc_column width=&#8221;1\/3&#8243; desktop_mt=&#8221;margin-lg-0t&#8221; desktop_mb=&#8221;margin-lg-0b&#8221; tablets_mt=&#8221;margin-sm-0t&#8221; tablets_mb=&#8221;margin-sm-0b&#8221; mobile_mt=&#8221;margin-xs-0t&#8221; mobile_mb=&#8221;margin-xs-0b&#8221; css=&#8221;.vc_custom_1661169759270{padding-top: 0px !important;}&#8221; offset=&#8221;vc_col-lg-4 vc_col-md-4&#8243;][vc_hoverbox image=&#8221;1478&#8243; primary_title=&#8221;&#8221; primary_title_font_container=&#8221;color:%23ffffff&#8221; primary_title_google_fonts=&#8221;font_family:Open%20Sans%3A300%2C300italic%2Cregular%2Citalic%2C600%2C600italic%2C700%2C700italic%2C800%2C800italic|font_style:400%20regular%3A400%3Anormal&#8221; hover_title=&#8221;ZAJ\u0118CIA&#8221; hover_title_font_container=&#8221;color:%23ffffff&#8221; hover_title_google_fonts=&#8221;font_family:Open%20Sans%3A300%2C300italic%2Cregular%2Citalic%2C600%2C600italic%2C700%2C700italic%2C800%2C800italic|font_style:400%20regular%3A400%3Anormal&#8221; shape=&#8221;square&#8221; hover_background_color=&#8221;custom&#8221; hover_btn_title=&#8221;wi\u0119cej&#8221; hover_btn_style=&#8221;classic&#8221; hover_btn_shape=&#8221;round&#8221; hover_btn_color=&#8221;default&#8221; use_custom_fonts_primary_title=&#8221;true&#8221; use_custom_fonts_hover_title=&#8221;true&#8221; hover_add_button=&#8221;true&#8221; hover_custom_background=&#8221;#9e928b&#8221; primary_title_link=&#8221;url:http%3A%2F%2Fwordpress2296693.home.pl%2Fenglishwithann%2Findex.php%2Fabout%2F|title:ZAJ%C4%98CIA%20ZE%20MN%C4%84&#8243; hover_btn_link=&#8221;url:https%3A%2F%2Fenglishwithann.com%2Findex.php%2Fabout%2F|title:O%20MNIE&#8221;]<\/p>\n<p class=\"p1\" style=\"text-align: center;\"><span style=\"color: #ffffff;\">Chcesz uczy\u0107 si\u0119 angielskiego? \u015awietnie trafi\u0142e\u015b_a\u015b! Tu znajdziesz szczeg\u00f3\u0142y mojej oferty &#8211; a niej\u00a0 zaj\u0119cia indywidualne i\u00a0 tematyczne spotkania konwersacyjne:<\/span><\/p>\n<p>[\/vc_hoverbox][\/vc_column][vc_column desktop_mt=&#8221;margin-lg-0t&#8221; desktop_mb=&#8221;margin-lg-0b&#8221; tablets_mt=&#8221;margin-sm-0t&#8221; tablets_mb=&#8221;margin-sm-0b&#8221; mobile_mt=&#8221;margin-xs-0t&#8221; mobile_mb=&#8221;margin-xs-0b&#8221; desktop_pt=&#8221;padding-lg-0t&#8221; desktop_pb=&#8221;padding-lg-0b&#8221; tablets_pt=&#8221;padding-sm-0t&#8221; tablets_pb=&#8221;padding-sm-0b&#8221; mobile_pt=&#8221;padding-xs-0t&#8221; mobile_pb=&#8221;padding-xs-0b&#8221; css=&#8221;.vc_custom_1667471801854{margin-top: 0px !important;margin-bottom: 0px !important;border-top-width: 0px !important;border-bottom-width: 0px !important;padding-bottom: 0px !important;background-color: #ffffff !important;}&#8221;][vc_row_inner equal_height=&#8221;yes&#8221; content_placement=&#8221;middle&#8221; gap=&#8221;35&#8243; css=&#8221;.vc_custom_1667471792784{margin-top: 0px !important;margin-bottom: 0px !important;border-top-width: 0px !important;border-bottom-width: 0px !important;padding-top: 0px !important;padding-bottom: 0px !important;}&#8221;][vc_column_inner width=&#8221;1\/2&#8243;][vc_custom_heading text=&#8221;Hello!&#8221; font_container=&#8221;tag:h2|font_size:45|text_align:right|color:%23111111&#8243; css=&#8221;.vc_custom_1667472380712{margin-left: 5px !important;border-left-width: 5px !important;}&#8221;][vc_column_text]<\/p>\n<p class=\"_04xlpA direction-ltr align-justify para-style-body\" style=\"text-align: justify; padding-left: 80px;\"><span class=\"JsGRdQ\">Mam na imi\u0119 Anna i od 8 lat ucz\u0119 j\u0119zyka angielskiego. J\u0119zyki to moja najwi\u0119ksza pasja, kt\u00f3r\u0105 chc\u0119 si\u0119 dzieli\u0107 z moimi uczniami, pokazuj\u0105c, \u017ce nauka angielskiego mo\u017ce by\u0107 prostsza ni\u017c si\u0119 wydaje. Uwielbiam etymologi\u0119 i j\u0119zykoznawcze ciekawostki, a w wolnych chwilach czytam i ogl\u0105dam filmy w poszukiwaniu inspiracji do kolejnych zaj\u0119\u0107 dla moich kursant\u00f3w &#8211; na moich lekcjach nie ma miejsca na nud\u0119! \ud83d\ude42<\/span><\/p>\n<p>[\/vc_column_text][\/vc_column_inner][vc_column_inner width=&#8221;1\/2&#8243;][vc_single_image image=&#8221;2150&#8243; img_size=&#8221;large&#8221;][\/vc_column_inner][\/vc_row_inner][\/vc_column][vc_column desktop_mt=&#8221;margin-lg-0t&#8221; desktop_mb=&#8221;margin-lg-0b&#8221; tablets_mt=&#8221;margin-sm-0t&#8221; tablets_mb=&#8221;margin-sm-0b&#8221; mobile_mt=&#8221;margin-xs-0t&#8221; mobile_mb=&#8221;margin-xs-0b&#8221; desktop_pt=&#8221;padding-lg-0t&#8221; desktop_pb=&#8221;padding-lg-0b&#8221; tablets_pt=&#8221;padding-sm-0t&#8221; tablets_pb=&#8221;padding-sm-0b&#8221; mobile_pt=&#8221;padding-xs-0t&#8221; mobile_pb=&#8221;padding-xs-0b&#8221;][vc_column_text]<\/p>\n<p>[\/vc_column_text][vc_row_inner css=&#8221;.vc_custom_1667474736833{margin-bottom: 0px !important;border-bottom-width: 0px !important;}&#8221;][vc_column_inner width=&#8221;1\/6&#8243;][\/vc_column_inner][vc_column_inner width=&#8221;2\/3&#8243;][vc_heading title=&#8221;KONTAKT&#8221;]<\/p>\n<h6 class=\"font_8\" style=\"text-align: center;\">Napisz lub zadzwo\u0144:<\/h6>\n<h6 class=\"font_8\" style=\"text-align: center;\">\u00a0<a href=\"mailto:contact@englishwithann.com\" data-auto-recognition=\"true\">contact@englishwithann.com<\/a>\u00a0\u00a0| \u00a0Tel: 731 995 795<\/h6>\n<p>[\/vc_heading]\n<div class=\"wpcf7 no-js\" id=\"wpcf7-f432-o1\" lang=\"en-US\" dir=\"ltr\" data-wpcf7-id=\"432\">\n<div class=\"screen-reader-response\"><p role=\"status\" aria-live=\"polite\" aria-atomic=\"true\"><\/p> <ul><\/ul><\/div>\n<form action=\"\/index.php\/wp-json\/wp\/v2\/pages\/11#wpcf7-f432-o1\" method=\"post\" class=\"wpcf7-form init\" aria-label=\"Contact form\" novalidate=\"novalidate\" data-status=\"init\">\n<fieldset class=\"hidden-fields-container\"><input type=\"hidden\" name=\"_wpcf7\" value=\"432\" \/><input type=\"hidden\" name=\"_wpcf7_version\" value=\"6.1.5\" \/><input type=\"hidden\" name=\"_wpcf7_locale\" value=\"en_US\" \/><input type=\"hidden\" name=\"_wpcf7_unit_tag\" value=\"wpcf7-f432-o1\" \/><input type=\"hidden\" name=\"_wpcf7_container_post\" value=\"0\" \/><input type=\"hidden\" name=\"_wpcf7_posted_data_hash\" value=\"\" \/>\n<\/fieldset>\n<div class=\"row\">\n\t<div class=\"col-md-6 col-12\">\n\t\t<p><span class=\"wpcf7-form-control-wrap\" data-name=\"your-name\"><input size=\"40\" maxlength=\"400\" class=\"wpcf7-form-control wpcf7-text wpcf7-validates-as-required\" aria-required=\"true\" aria-invalid=\"false\" placeholder=\"Name *\" value=\"\" type=\"text\" name=\"your-name\" \/><\/span>\n\t\t<\/p>\n\t<\/div>\n\t<div class=\"col-md-6 col-12\">\n\t\t<p><span class=\"wpcf7-form-control-wrap\" data-name=\"your-email\"><input size=\"40\" maxlength=\"400\" class=\"wpcf7-form-control wpcf7-email wpcf7-validates-as-required wpcf7-text wpcf7-validates-as-email\" aria-required=\"true\" aria-invalid=\"false\" placeholder=\"Email *\" value=\"\" type=\"email\" name=\"your-email\" \/><\/span>\n\t\t<\/p>\n\t<\/div>\n<\/div>\n<div class=\"row text-right\">\n\t<div class=\"col-12\">\n\t\t<p><span class=\"wpcf7-form-control-wrap\" data-name=\"your-message\"><textarea cols=\"40\" rows=\"10\" maxlength=\"2000\" class=\"wpcf7-form-control wpcf7-textarea wpcf7-validates-as-required\" aria-required=\"true\" aria-invalid=\"false\" placeholder=\"Message *\" name=\"your-message\"><\/textarea><\/span><br \/>\n<input class=\"wpcf7-form-control wpcf7-submit has-spinner btn\" type=\"submit\" value=\"SEND\" \/>\n\t\t<\/p>\n\t<\/div>\n<\/div><p style=\"display: none !important;\" class=\"akismet-fields-container\" data-prefix=\"_wpcf7_ak_\"><label>&#916;<textarea name=\"_wpcf7_ak_hp_textarea\" cols=\"45\" rows=\"8\" maxlength=\"100\"><\/textarea><\/label><input type=\"hidden\" id=\"ak_js_1\" name=\"_wpcf7_ak_js\" value=\"15\"\/><script type=\"text\/javascript\">\n\/* <![CDATA[ *\/\ndocument.getElementById( \"ak_js_1\" ).setAttribute( \"value\", ( new Date() ).getTime() );\n\/* ]]> *\/\n<\/script>\n<\/p><div class=\"wpcf7-response-output\" aria-hidden=\"true\"><\/div>\n<\/form>\n<\/div>\n[\/vc_column_inner][vc_column_inner width=&#8221;1\/6&#8243;][\/vc_column_inner][\/vc_row_inner][\/vc_column][\/vc_row]<\/p>\n","protected":false},"excerpt":{"rendered":"<p>[vc_row gap=&#8221;30&#8243; desktop_mt=&#8221;margin-lg-70t&#8221; desktop_mb=&#8221;margin-lg-0b&#8221; tablets_mt=&#8221;margin-sm-0t&#8221; tablets_mb=&#8221;margin-sm-0b&#8221; mobile_mt=&#8221;margin-xs-0t&#8221; mobile_mb=&#8221;margin-xs-0b&#8221; desktop_pt=&#8221;padding-lg-70t&#8221; desktop_pb=&#8221;padding-lg-0b&#8221; tablets_pt=&#8221;padding-sm-0t&#8221; tablets_pb=&#8221;padding-sm-0b&#8221; mobile_pt=&#8221;padding-xs-0t&#8221; mobile_pb=&#8221;padding-xs-0b&#8221; css=&#8221;.vc_custom_1661242066834{padding-top: 0px !important;background-color: #ffffff !important;}&#8221;][vc_column][vc_single_image image=&#8221;39&#8243; img_size=&#8221;full&#8221; alignment=&#8221;center&#8221;][\/vc_column][vc_column width=&#8221;1\/3&#8243; desktop_mt=&#8221;margin-lg-0t&#8221; desktop_mb=&#8221;margin-lg-0b&#8221; &hellip;<\/p>\n","protected":false},"author":1,"featured_media":0,"parent":0,"menu_order":0,"comment_status":"closed","ping_status":"closed","template":"","meta":{"footnotes":""},"class_list":["post-11","page","type-page","status-publish","hentry"],"acf":[],"jetpack_sharing_enabled":true,"_links":{"self":[{"href":"https:\/\/englishwithann.com\/index.php\/wp-json\/wp\/v2\/pages\/11","targetHints":{"allow":["GET"]}}],"collection":[{"href":"https:\/\/englishwithann.com\/index.php\/wp-json\/wp\/v2\/pages"}],"about":[{"href":"https:\/\/englishwithann.com\/index.php\/wp-json\/wp\/v2\/types\/page"}],"author":[{"embeddable":true,"href":"https:\/\/englishwithann.com\/index.php\/wp-json\/wp\/v2\/users\/1"}],"replies":[{"embeddable":true,"href":"https:\/\/englishwithann.com\/index.php\/wp-json\/wp\/v2\/comments?post=11"}],"version-history":[{"count":144,"href":"https:\/\/englishwithann.com\/index.php\/wp-json\/wp\/v2\/pages\/11\/revisions"}],"predecessor-version":[{"id":6997,"href":"https:\/\/englishwithann.com\/index.php\/wp-json\/wp\/v2\/pages\/11\/revisions\/6997"}],"wp:attachment":[{"href":"https:\/\/englishwithann.com\/index.php\/wp-json\/wp\/v2\/media?parent=11"}],"curies":[{"name":"wp","href":"https:\/\/api.w.org\/{rel}","templated":true}]}}